{"id":948,"date":"2020-10-06T09:29:48","date_gmt":"2020-10-06T07:29:48","guid":{"rendered":"https:\/\/preprod.1001fontaines.com\/?page_id=948"},"modified":"2025-10-08T17:37:41","modified_gmt":"2025-10-08T15:37:41","slug":"mentions-legales","status":"publish","type":"page","link":"https:\/\/www.1001fontaines.org.uk\/fr\/mentions-legales\/","title":{"rendered":"Mentions l\u00e9gales"},"content":{"rendered":"\t\t<div data-elementor-type=\"wp-page\" data-elementor-id=\"948\" class=\"elementor elementor-948\" data-elementor-post-type=\"page\">\n\t\t\t\t\t\t<section class=\"elementor-section elementor-top-section elementor-element elementor-element-812186e elementor-section-boxed elementor-section-height-default elementor-section-height-default\" data-id=\"812186e\" data-element_type=\"section\" data-e-type=\"section\">\n\t\t\t\t\t\t<div class=\"elementor-container elementor-column-gap-default\">\n\t\t\t\t\t<div class=\"elementor-column elementor-col-100 elementor-top-column elementor-element elementor-element-5fd7920\" data-id=\"5fd7920\" data-element_type=\"column\" data-e-type=\"column\">\n\t\t\t<div class=\"elementor-widget-wrap elementor-element-populated\">\n\t\t\t\t\t\t<div class=\"elementor-element elementor-element-6a80caa elementor-widget elementor-widget-heading\" data-id=\"6a80caa\" data-element_type=\"widget\" data-e-type=\"widget\" data-widget_type=\"heading.default\">\n\t\t\t\t<div class=\"elementor-widget-container\">\n\t\t\t\t\t<h1 class=\"elementor-heading-title elementor-size-default\"><a href=\"https:\/\/www.1001fontaines.org.uk\/impact\/\">Mentions l\u00e9gales<\/a><\/h1>\t\t\t\t<\/div>\n\t\t\t\t<\/div>\n\t\t\t\t\t<\/div>\n\t\t<\/div>\n\t\t\t\t\t<\/div>\n\t\t<\/section>\n\t\t\t\t<section class=\"elementor-section elementor-top-section elementor-element elementor-element-eef785f elementor-section-content-middle elementor-section-boxed elementor-section-height-default elementor-section-height-default\" data-id=\"eef785f\" data-element_type=\"section\" data-e-type=\"section\" data-settings=\"{&quot;background_background&quot;:&quot;classic&quot;}\">\n\t\t\t\t\t\t<div class=\"elementor-container elementor-column-gap-extended\">\n\t\t\t\t\t<div class=\"elementor-column elementor-col-100 elementor-top-column elementor-element elementor-element-6f63448\" data-id=\"6f63448\" data-element_type=\"column\" data-e-type=\"column\">\n\t\t\t<div class=\"elementor-widget-wrap elementor-element-populated\">\n\t\t\t\t\t\t<div class=\"elementor-element elementor-element-58b7a44 post elementor-widget elementor-widget-text-editor\" data-id=\"58b7a44\" data-element_type=\"widget\" data-e-type=\"widget\" data-widget_type=\"text-editor.default\">\n\t\t\t\t<div class=\"elementor-widget-container\">\n\t\t\t\t\t\t\t\t\t<h3>Cr\u00e9dit<\/h3><p>Conception : <a href=\"http:\/\/www.lesourireenprime.com\/\" target=\"_blank\" rel=\"noopener\">Le Sourire en Prime<\/a><br \/>D\u00e9veloppement : <a href=\"http:\/\/www.distingo.net\" target=\"_blank\" rel=\"noopener\">Ludovic Tristan<\/a><\/p><p>Cr\u00e9dits photos : R\u00e9mi Portier Photographie, R\u00e9gis Binard, Harry Tiana Teddy, Uttaran, Iako Randrianarivelo, 1001fontaines<\/p><h3>H\u00e9bergement<\/h3><p>Gracieusement offert par Microsoft Azure :\u00a0<a href=\"https:\/\/www.microsoft.com\/en-us\/nonprofits\/azure\" target=\"_blank\" rel=\"noopener\" data-saferedirecturl=\"https:\/\/www.google.com\/url?q=https:\/\/www.microsoft.com\/en-us\/nonprofits\/azure&amp;source=gmail&amp;ust=1602253138996000&amp;usg=AFQjCNFiXB8FS0pxfcpe7mgGUL0Yp1lZOg\">https:\/\/www.microsoft.com\/en-<wbr \/>us\/nonprofits\/azure<\/a><\/p><h3>Propri\u00e9t\u00e9 intellectuelle<\/h3><p>Le pr\u00e9sent site est la propri\u00e9t\u00e9 de l\u2019association 1001fontaines, dont le si\u00e8ge est situ\u00e9 :<\/p><p>76-78 rue Saint-Lazare<br \/>75009 Paris<\/p><p><a href=\"mailto:contact@1001fontaines.org.uk\">contact@1001fontaines.org.uk<\/a><\/p><p>Directeur de la publication\u00a0: <br \/>Yves Bernaert, Pr\u00e9sident<\/p><p>Tous les droits de reproduction et de distribution, y compris pour les documents t\u00e9l\u00e9chargeables et les images fixes ou anim\u00e9es sont r\u00e9serv\u00e9s et prot\u00e9g\u00e9s par le droit d\u2019auteur. En cons\u00e9quence, en l\u2019absence d\u2019autorisation, toute reproduction ou distribution totale ou partielle de ces informations ou documents est interdite sous peine de poursuite au titre de la contrefa\u00e7on. L\u2019utilisateur est cependant autoris\u00e9 \u00e0 faire de courtes citations du contenu du site en pr\u00e9cisant le nom de l\u2019auteur et la source du document.<\/p><h3>Protection des donn\u00e9es<\/h3><p>Conform\u00e9ment aux articles 39 et suivants de la loi n\u00b0 78-17 du 6 janvier 1978 modifi\u00e9e en 2004 relative \u00e0 l\u2019informatique, aux fichiers et aux libert\u00e9s, toute personne peut obtenir communication et, le cas \u00e9ch\u00e9ant, rectification ou suppression des informations la concernant, en s\u2019adressant \u00e0 1001fontaines : <a href=\"mailto:contact@1001fontaines.org.uk\">contact@1001fontaines.org.uk<\/a><\/p><h3>Liens hypertextes<\/h3><p>La cr\u00e9ation de liens hypertextes vers le site\u00a01001fontaines.org.uk\u00a0ne saurait, en aucun cas, engager la responsabilit\u00e9 de 1001fontaines. Les liens hypertextes \u00e9tablis en direction d\u2019autres sites \u00e0 partir du site\u00a01001fontaines.org.uk\u00a0ne sauraient, en aucun cas, engager la responsabilit\u00e9 de 1001fontaines.<\/p>\t\t\t\t\t\t\t\t<\/div>\n\t\t\t\t<\/div>\n\t\t\t\t<div class=\"elementor-element elementor-element-1ab3fcc elementor-widget elementor-widget-menu-anchor\" data-id=\"1ab3fcc\" data-element_type=\"widget\" data-e-type=\"widget\" data-widget_type=\"menu-anchor.default\">\n\t\t\t\t<div class=\"elementor-widget-container\">\n\t\t\t\t\t\t\t<div class=\"elementor-menu-anchor\" id=\"cookies\"><\/div>\n\t\t\t\t\t\t<\/div>\n\t\t\t\t<\/div>\n\t\t\t\t<div class=\"elementor-element elementor-element-fc0d538 post elementor-widget elementor-widget-text-editor\" data-id=\"fc0d538\" data-element_type=\"widget\" data-e-type=\"widget\" data-widget_type=\"text-editor.default\">\n\t\t\t\t<div class=\"elementor-widget-container\">\n\t\t\t\t\t\t\t\t\t<h3>Cookies<\/h3><p>Ce site utilise Google Analytics, un service d\u2019analyse de site internet fourni par Google Inc. Google Analytics utilise des cookies qui sont des fichiers texte plac\u00e9s sur votre ordinateur, pour analyser l\u2019utilisation du site par ses utilisateurs. Les donn\u00e9es g\u00e9n\u00e9r\u00e9es par les cookies concernant votre utilisation du site (y compris votre adresse IP) sont transmises et stock\u00e9es par Google sur des serveurs situ\u00e9s aux \u00c9tats-Unis.\u00a0Google utilisera cette information dans le but d\u2019\u00e9valuer votre utilisation du site, de compiler des rapports sur l\u2019activit\u00e9 du site \u00e0 destination de son \u00e9diteur et de fournir d\u2019autres services relatifs \u00e0 l\u2019activit\u00e9 du site et \u00e0 l\u2019utilisation d\u2019Internet.<\/p><p>Google est susceptible de communiquer ces donn\u00e9es \u00e0 des tiers en cas d\u2019obligation l\u00e9gale ou lorsque ces tiers traitent ces donn\u00e9es pour le compte de Google, y compris notamment l\u2019\u00e9diteur de ce site. Google ne recoupera pas votre adresse IP avec toute autre donn\u00e9e d\u00e9tenue par Google. Vous pouvez d\u00e9sactiver l\u2019utilisation de cookies en s\u00e9lectionnant les param\u00e8tres appropri\u00e9s de votre navigateur. Cependant, une telle d\u00e9sactivation emp\u00eache l\u2019utilisation de certaines fonctionnalit\u00e9s de ce site, dont notamment l\u2019ensemble de ses formulaires. En utilisant ce site internet, vous consentez express\u00e9ment au traitement de vos donn\u00e9es nominatives par Google, uniquement dans les conditions et pour les finalit\u00e9s d\u00e9crites ci-dessus.<\/p>\t\t\t\t\t\t\t\t<\/div>\n\t\t\t\t<\/div>\n\t\t\t\t\t<\/div>\n\t\t<\/div>\n\t\t\t\t\t<\/div>\n\t\t<\/section>\n\t\t\t\t<\/div>\n\t\t","protected":false},"excerpt":{"rendered":"<p>Mentions l\u00e9gales Cr\u00e9dit Conception : Le Sourire en PrimeD\u00e9veloppement : Ludovic Tristan Cr\u00e9dits photos : R\u00e9mi Portier Photographie, R\u00e9gis Binard, Harry Tiana Teddy, Uttaran, Iako Randrianarivelo, 1001fontaines H\u00e9bergement Gracieusement offert par Microsoft Azure :\u00a0https:\/\/www.microsoft.com\/en-us\/nonprofits\/azure Propri\u00e9t\u00e9 intellectuelle Le pr\u00e9sent site est la propri\u00e9t\u00e9 de l\u2019association 1001fontaines, dont le si\u00e8ge est situ\u00e9 : 76-78 rue Saint-Lazare75009 Paris&hellip;<\/p>\n","protected":false},"author":1,"featured_media":0,"parent":0,"menu_order":0,"comment_status":"closed","ping_status":"closed","template":"","meta":[],"class_list":["post-948","page","type-page","status-publish","hentry","description-off"],"yoast_head":"<!-- This site is optimized with the Yoast SEO plugin v27.3 - https:\/\/yoast.com\/product\/yoast-seo-wordpress\/ -->\n<title>Mentions l\u00e9gales - 1001fontaines<\/title>\n<meta name=\"robots\" content=\"index, follow, max-snippet:-1, max-image-preview:large, max-video-preview:-1\" \/>\n<link rel=\"canonical\" href=\"https:\/\/www.1001fontaines.org.uk\/fr\/mentions-legales\/\" \/>\n<meta property=\"og:locale\" content=\"fr_FR\" \/>\n<meta property=\"og:type\" content=\"article\" \/>\n<meta property=\"og:title\" content=\"Mentions l\u00e9gales - 1001fontaines\" \/>\n<meta property=\"og:description\" content=\"Mentions l\u00e9gales Cr\u00e9dit Conception : Le Sourire en PrimeD\u00e9veloppement : Ludovic Tristan Cr\u00e9dits photos : R\u00e9mi Portier Photographie, R\u00e9gis Binard, Harry Tiana Teddy, Uttaran, Iako Randrianarivelo, 1001fontaines H\u00e9bergement Gracieusement offert par Microsoft Azure :\u00a0https:\/\/www.microsoft.com\/en-us\/nonprofits\/azure Propri\u00e9t\u00e9 intellectuelle Le pr\u00e9sent site est la propri\u00e9t\u00e9 de l\u2019association 1001fontaines, dont le si\u00e8ge est situ\u00e9 : 76-78 rue Saint-Lazare75009 Paris&hellip;\" \/>\n<meta property=\"og:url\" content=\"https:\/\/www.1001fontaines.org.uk\/fr\/mentions-legales\/\" \/>\n<meta property=\"og:site_name\" content=\"1001fontaines\" \/>\n<meta property=\"article:modified_time\" content=\"2025-10-08T15:37:41+00:00\" \/>\n<meta name=\"twitter:card\" content=\"summary_large_image\" \/>\n<meta name=\"twitter:label1\" content=\"Dur\u00e9e de lecture estim\u00e9e\" \/>\n\t<meta name=\"twitter:data1\" content=\"3 minutes\" \/>\n<script type=\"application\/ld+json\" class=\"yoast-schema-graph\">{\"@context\":\"https:\\\/\\\/schema.org\",\"@graph\":[{\"@type\":\"WebPage\",\"@id\":\"https:\\\/\\\/www.1001fontaines.org.uk\\\/fr\\\/mentions-legales\\\/\",\"url\":\"https:\\\/\\\/www.1001fontaines.org.uk\\\/fr\\\/mentions-legales\\\/\",\"name\":\"Mentions l\u00e9gales - 1001fontaines\",\"isPartOf\":{\"@id\":\"https:\\\/\\\/www.1001fontaines.org.uk\\\/#website\"},\"datePublished\":\"2020-10-06T07:29:48+00:00\",\"dateModified\":\"2025-10-08T15:37:41+00:00\",\"breadcrumb\":{\"@id\":\"https:\\\/\\\/www.1001fontaines.org.uk\\\/fr\\\/mentions-legales\\\/#breadcrumb\"},\"inLanguage\":\"fr-FR\",\"potentialAction\":[{\"@type\":\"ReadAction\",\"target\":[\"https:\\\/\\\/www.1001fontaines.org.uk\\\/fr\\\/mentions-legales\\\/\"]}]},{\"@type\":\"BreadcrumbList\",\"@id\":\"https:\\\/\\\/www.1001fontaines.org.uk\\\/fr\\\/mentions-legales\\\/#breadcrumb\",\"itemListElement\":[{\"@type\":\"ListItem\",\"position\":1,\"name\":\"Accueil\",\"item\":\"https:\\\/\\\/www.1001fontaines.org.uk\\\/fr\\\/\"},{\"@type\":\"ListItem\",\"position\":2,\"name\":\"Mentions l\u00e9gales\"}]},{\"@type\":\"WebSite\",\"@id\":\"https:\\\/\\\/www.1001fontaines.org.uk\\\/#website\",\"url\":\"https:\\\/\\\/www.1001fontaines.org.uk\\\/\",\"name\":\"1001fontaines\",\"description\":\"Donner acc\u00e8s \u00e0 vie \u00e0 l&#039;eau potable\",\"publisher\":{\"@id\":\"https:\\\/\\\/www.1001fontaines.org.uk\\\/#organization\"},\"potentialAction\":[{\"@type\":\"SearchAction\",\"target\":{\"@type\":\"EntryPoint\",\"urlTemplate\":\"https:\\\/\\\/www.1001fontaines.org.uk\\\/?s={search_term_string}\"},\"query-input\":{\"@type\":\"PropertyValueSpecification\",\"valueRequired\":true,\"valueName\":\"search_term_string\"}}],\"inLanguage\":\"fr-FR\"},{\"@type\":\"Organization\",\"@id\":\"https:\\\/\\\/www.1001fontaines.org.uk\\\/#organization\",\"name\":\"1001fontaines\",\"url\":\"https:\\\/\\\/www.1001fontaines.org.uk\\\/\",\"logo\":{\"@type\":\"ImageObject\",\"inLanguage\":\"fr-FR\",\"@id\":\"https:\\\/\\\/www.1001fontaines.org.uk\\\/#\\\/schema\\\/logo\\\/image\\\/\",\"url\":\"https:\\\/\\\/www.1001fontaines.org.uk\\\/wp-content\\\/uploads\\\/2020\\\/06\\\/logo-130x54-1.png\",\"contentUrl\":\"https:\\\/\\\/www.1001fontaines.org.uk\\\/wp-content\\\/uploads\\\/2020\\\/06\\\/logo-130x54-1.png\",\"width\":130,\"height\":54,\"caption\":\"1001fontaines\"},\"image\":{\"@id\":\"https:\\\/\\\/www.1001fontaines.org.uk\\\/#\\\/schema\\\/logo\\\/image\\\/\"},\"sameAs\":[\"https:\\\/\\\/www.linkedin.com\\\/company\\\/1001fontaines\\\/\"]}]}<\/script>\n<!-- \/ Yoast SEO plugin. -->","yoast_head_json":{"title":"Mentions l\u00e9gales - 1001fontaines","robots":{"index":"index","follow":"follow","max-snippet":"max-snippet:-1","max-image-preview":"max-image-preview:large","max-video-preview":"max-video-preview:-1"},"canonical":"https:\/\/www.1001fontaines.org.uk\/fr\/mentions-legales\/","og_locale":"fr_FR","og_type":"article","og_title":"Mentions l\u00e9gales - 1001fontaines","og_description":"Mentions l\u00e9gales Cr\u00e9dit Conception : Le Sourire en PrimeD\u00e9veloppement : Ludovic Tristan Cr\u00e9dits photos : R\u00e9mi Portier Photographie, R\u00e9gis Binard, Harry Tiana Teddy, Uttaran, Iako Randrianarivelo, 1001fontaines H\u00e9bergement Gracieusement offert par Microsoft Azure :\u00a0https:\/\/www.microsoft.com\/en-us\/nonprofits\/azure Propri\u00e9t\u00e9 intellectuelle Le pr\u00e9sent site est la propri\u00e9t\u00e9 de l\u2019association 1001fontaines, dont le si\u00e8ge est situ\u00e9 : 76-78 rue Saint-Lazare75009 Paris&hellip;","og_url":"https:\/\/www.1001fontaines.org.uk\/fr\/mentions-legales\/","og_site_name":"1001fontaines","article_modified_time":"2025-10-08T15:37:41+00:00","twitter_card":"summary_large_image","twitter_misc":{"Dur\u00e9e de lecture estim\u00e9e":"3 minutes"},"schema":{"@context":"https:\/\/schema.org","@graph":[{"@type":"WebPage","@id":"https:\/\/www.1001fontaines.org.uk\/fr\/mentions-legales\/","url":"https:\/\/www.1001fontaines.org.uk\/fr\/mentions-legales\/","name":"Mentions l\u00e9gales - 1001fontaines","isPartOf":{"@id":"https:\/\/www.1001fontaines.org.uk\/#website"},"datePublished":"2020-10-06T07:29:48+00:00","dateModified":"2025-10-08T15:37:41+00:00","breadcrumb":{"@id":"https:\/\/www.1001fontaines.org.uk\/fr\/mentions-legales\/#breadcrumb"},"inLanguage":"fr-FR","potentialAction":[{"@type":"ReadAction","target":["https:\/\/www.1001fontaines.org.uk\/fr\/mentions-legales\/"]}]},{"@type":"BreadcrumbList","@id":"https:\/\/www.1001fontaines.org.uk\/fr\/mentions-legales\/#breadcrumb","itemListElement":[{"@type":"ListItem","position":1,"name":"Accueil","item":"https:\/\/www.1001fontaines.org.uk\/fr\/"},{"@type":"ListItem","position":2,"name":"Mentions l\u00e9gales"}]},{"@type":"WebSite","@id":"https:\/\/www.1001fontaines.org.uk\/#website","url":"https:\/\/www.1001fontaines.org.uk\/","name":"1001fontaines","description":"Donner acc\u00e8s \u00e0 vie \u00e0 l&#039;eau potable","publisher":{"@id":"https:\/\/www.1001fontaines.org.uk\/#organization"},"potentialAction":[{"@type":"SearchAction","target":{"@type":"EntryPoint","urlTemplate":"https:\/\/www.1001fontaines.org.uk\/?s={search_term_string}"},"query-input":{"@type":"PropertyValueSpecification","valueRequired":true,"valueName":"search_term_string"}}],"inLanguage":"fr-FR"},{"@type":"Organization","@id":"https:\/\/www.1001fontaines.org.uk\/#organization","name":"1001fontaines","url":"https:\/\/www.1001fontaines.org.uk\/","logo":{"@type":"ImageObject","inLanguage":"fr-FR","@id":"https:\/\/www.1001fontaines.org.uk\/#\/schema\/logo\/image\/","url":"https:\/\/www.1001fontaines.org.uk\/wp-content\/uploads\/2020\/06\/logo-130x54-1.png","contentUrl":"https:\/\/www.1001fontaines.org.uk\/wp-content\/uploads\/2020\/06\/logo-130x54-1.png","width":130,"height":54,"caption":"1001fontaines"},"image":{"@id":"https:\/\/www.1001fontaines.org.uk\/#\/schema\/logo\/image\/"},"sameAs":["https:\/\/www.linkedin.com\/company\/1001fontaines\/"]}]}},"_links":{"self":[{"href":"https:\/\/www.1001fontaines.org.uk\/fr\/wp-json\/wp\/v2\/pages\/948","targetHints":{"allow":["GET"]}}],"collection":[{"href":"https:\/\/www.1001fontaines.org.uk\/fr\/wp-json\/wp\/v2\/pages"}],"about":[{"href":"https:\/\/www.1001fontaines.org.uk\/fr\/wp-json\/wp\/v2\/types\/page"}],"author":[{"embeddable":true,"href":"https:\/\/www.1001fontaines.org.uk\/fr\/wp-json\/wp\/v2\/users\/1"}],"replies":[{"embeddable":true,"href":"https:\/\/www.1001fontaines.org.uk\/fr\/wp-json\/wp\/v2\/comments?post=948"}],"version-history":[{"count":19,"href":"https:\/\/www.1001fontaines.org.uk\/fr\/wp-json\/wp\/v2\/pages\/948\/revisions"}],"predecessor-version":[{"id":8953,"href":"https:\/\/www.1001fontaines.org.uk\/fr\/wp-json\/wp\/v2\/pages\/948\/revisions\/8953"}],"wp:attachment":[{"href":"https:\/\/www.1001fontaines.org.uk\/fr\/wp-json\/wp\/v2\/media?parent=948"}],"curies":[{"name":"wp","href":"https:\/\/api.w.org\/{rel}","templated":true}]}}